{"id":4567,"date":"2019-03-29T11:02:40","date_gmt":"2019-03-29T15:02:40","guid":{"rendered":"https:\/\/unhommeetdeschiens.com\/?page_id=4567"},"modified":"2024-03-03T14:32:54","modified_gmt":"2024-03-03T19:32:54","slug":"about-us","status":"publish","type":"page","link":"https:\/\/unhommeetdeschiens.com\/en\/about-us\/","title":{"rendered":"About us"},"content":{"rendered":"<div class=\"wpb-content-wrapper\"><p>[vc_row content_width=&#8221;grid&#8221; css=&#8221;.vc_custom_1542260753321{padding-top: 100px !important;padding-bottom: 60px !important;background-color: #f7f7f7 !important;}&#8221;][vc_column offset=&#8221;vc_col-md-5&#8243;][vc_gallery type=&#8221;flexslider_slide&#8221; interval=&#8221;3&#8243; images=&#8221;3348,3355,3353&#8243; img_size=&#8221;full&#8221;][vc_empty_space height=&#8221;31px&#8221;][vc_gallery type=&#8221;flexslider_slide&#8221; interval=&#8221;3&#8243; images=&#8221;3358,3360,4178&#8243; img_size=&#8221;full&#8221;][\/vc_column][vc_column offset=&#8221;vc_col-md-7&#8243; css=&#8221;.vc_custom_1542250027555{padding-left: 20px !important;}&#8221;][vc_column_text]<\/p>\n<h6><i><span style=\"font-weight: 400;\">One Man Many Dogs<\/span><\/i><\/h6>\n<p>[\/vc_column_text][vc_empty_space height=&#8221;4px&#8221;][vc_column_text]<\/p>\n<h1 style=\"font-size: 25px; font-style: normal;\">Daniel Sterl, Expert Dog Trainer<\/h1>\n<p>[\/vc_column_text][vc_empty_space height=&#8221;13px&#8221;][vc_column_text]<span style=\"font-weight: 400;\">Daniel Sterl is the owner and founder of the company since 2012 and an animal lover, mostly dogs.<\/span>[\/vc_column_text][vc_empty_space height=&#8221;13px&#8221;][vc_column_text]<span style=\"font-weight: 400;\">&#8220;I started my professional life in electronics in the early 80&#8217;s. Being a passionate and curious person, life took me to another direction. So, I decided to search for the best trainings that would allow me to live my passion and, with my business experiences, I was able to build a sustainable company whose primary purpose is to help dog owners to develop better relationships with their furry friends. After following several conventional courses that did not satisfy me completely and were not very clear, I developed my own comprehensive approach and was able to help several hundred dog owners train and solve the behaviour problems of their dogs. &#8220;<\/span>[\/vc_column_text][vc_empty_space height=&#8221;13px&#8221;][vc_column_text]<b>Trainings, seminars and certificates :\u00a0<\/b>[\/vc_column_text][vc_empty_space height=&#8221;13px&#8221;][vc_column_text]<\/p>\n<ul>\n<li><b>Trainer in animal behaviour \u2013<\/b><span style=\"font-weight: 400;\"> by Formation Jacinthe Bouchard.<\/span><\/li>\n<li><b>\u00ab FECC \u00bb Education and canine behaviour Training<\/b><span style=\"font-weight: 400;\"> \u2013 by Jean Lessard<\/span><\/li>\n<li><b>\u00ab Empowering Learners \u00bb \u2013\u00a0<\/b><span style=\"font-weight: 400;\">by Chirag Patel \u2013 Wolf Park, Indiana.<\/span><\/li>\n<li><b>\u00ab\u00a0Force Free\u00a0\u00bb Animal Training \u2013<\/b><span style=\"font-weight: 400;\"> by l\u2019Art au Poil school<\/span><\/li>\n<li><b>\u00ab\u00a0Pets First Aid\u00a0\u00bb Classes<\/b><span style=\"font-weight: 400;\"> \u2013 by Walks\u2019n Wags<\/span><\/li>\n<li><b>\u00ab\u00a0Academy 1 for Hens\u00a0\u00bb <\/b><span style=\"font-weight: 400;\">&#8211;<\/span><span style=\"font-weight: 400;\"> by Yanick Dion &amp; Jean Lessard<\/span><\/li>\n<li><b>\u00ab\u00a0Solving fear and aggression\u00a0\u00bb \u2013\u00a0<\/b><span style=\"font-weight: 400;\">by Sophia Yin<\/span><\/li>\n<li><b>\u00ab\u00a0Aggression: Form brain to bite\u00bb<\/b><span style=\"font-weight: 400;\">\u00a0\u2013 by Chirag Patel<\/span><\/li>\n<li><b>\u00ab\u00a0Real solutions to canine behaviour problems\u00bb<\/b><span style=\"font-weight: 400;\">\u00a0\u2013 by Pat Miller<\/span><\/li>\n<li><b>\u00ab\u00a0Reliability for reactive dogs with controlled unleashed exercises\u00bb<\/b><span style=\"font-weight: 400;\">\u00a0\u2013 by Emma Parsons<\/span><\/li>\n<li><b>\u00ab\u00a0Reactivity: A program for rehabilitation\u00bb<\/b><span style=\"font-weight: 400;\">\u00a0\u2013 by Emily Larlham<\/span><\/li>\n<\/ul>\n<p>[\/vc_column_text][vc_empty_space height=&#8221;13px&#8221;][vc_column_text]<b>RQIEC member<\/b><span style=\"font-weight: 400;\">: Regroupement Qu\u00e9b\u00e9cois des Intervenants en \u00c9ducation Canine.<\/span><span style=\"font-weight: 400;\"><br \/>\n<\/span><span style=\"font-weight: 400;\">(Professional association of dog educators for the province of Quebec)<\/span>[\/vc_column_text][vc_empty_space height=&#8221;31px&#8221;][\/vc_column][\/vc_row][vc_row content_width=&#8221;grid&#8221;][vc_column][vc_empty_space height=&#8221;50px&#8221; el_class=&#8221;space-grid-responsive-element&#8221;][vc_text_separator title=&#8221;Our team&#8221;][vc_empty_space height=&#8221;15px&#8221;][vc_column_text css=&#8221;.vc_custom_1553787548258{padding-left: 2% !important;}&#8221;]<\/p>\n<p style=\"text-align: center;\"><span style=\"font-weight: 400;\">One Man Many Dogs team offers a soft and respectful approach based on positive reinforcement.<\/span><\/p>\n<p>[\/vc_column_text][vc_empty_space height=&#8221;15px&#8221;][\/vc_column][\/vc_row][vc_row][vc_column][vc_empty_space height=&#8221;50px&#8221; el_class=&#8221;space-grid-responsive-element&#8221;][\/vc_column][\/vc_row][vc_row content_width=&#8221;grid&#8221; css=&#8221;.vc_custom_1546553431317{padding-right: 20px !important;padding-left: 20px !important;}&#8221;][vc_column width=&#8221;1\/2&#8243; css=&#8221;.vc_custom_1548192201648{padding-top: 0px !important;background-position: center !important;background-repeat: no-repeat !important;background-size: cover !important;}&#8221;]\n<div class=\"qodef-team main-info-below-image\">\n\t<div class=\"qodef-team-inner\">\n\t\t\t\t\t<div class=\"qodef-team-image\">\n\t\t\t\t<img loading=\"lazy\" decoding=\"async\" width=\"535\" height=\"350\" src=\"https:\/\/unhommeetdeschiens.com\/wp-content\/uploads\/2019\/01\/lucie-1.jpg\" class=\"attachment-full size-full\" alt=\"\" srcset=\"https:\/\/unhommeetdeschiens.com\/wp-content\/uploads\/2019\/01\/lucie-1.jpg 535w, https:\/\/unhommeetdeschiens.com\/wp-content\/uploads\/2019\/01\/lucie-1-300x196.jpg 300w\" sizes=\"auto, (max-width: 535px) 100vw, 535px\" \/>\t\t\t\t<span class=\"qodef-team-overlay\"><\/span>\n\t\t\t<\/div>\n\t\t\n\t\t\t\t\t<div class=\"qodef-team-info\">\n\t\t\t\t\t\t\t\t\t<div class=\"qodef-team-title-holder normal_social\">\n\t\t\t\t\t\t\t\t\t\t\t\t\t<h5 class=\"qodef-team-name\">\n\t\t\t\t\t\t\t\tLUCIE\t\t\t\t\t\t\t<\/h5>\n\t\t\t\t\t\t\t\t\t\t\t\t\t\t\t\t\t<\/div>\n\t\t\t\t\n\t\t<div class=\"qodef-team-social-holder-between\">\n\t\t\t<div class=\"qodef-team-social normal_social\">\n\t\t\t\t<div class=\"qodef-team-social-inner\">\n\t\t\t\t\t<div class=\"qodef-team-social-wrapp\">\n\n\t\t\t\t\t\t\n\t\t\t\t\t<\/div>\n\t\t\t\t<\/div>\n\t\t\t<\/div>\n\t\t<\/div>\n\n\t\t<\/div>\n\t<\/div>\n<\/div>[vc_column_text css=&#8221;.vc_custom_1553787582997{padding-right: 20px !important;padding-bottom: 40px !important;padding-left: 20px !important;background-color: #f7f7f7 !important;}&#8221; el_class=&#8221;txt-block-equipe-1&#8243;]<span style=\"font-weight: 400;\">Lucie loves everything about dog training and canine behaviour. Since 2014, she joined One Man Many Dogs after attending all classes. Being an unconditional lover of animals, our friends, she has two cats and a dog. The dog, adopted from a shelter, has had many behaviour problems. So, she is very caring and sensitive to animals that have troubles and she understands the challenges that some dog owners may encounter.<\/span><\/p>\n<p><span style=\"font-weight: 400;\">Now retired, she is committed to perfecting her knowledge through different training courses and seminars.<\/span><\/p>\n<p><span style=\"font-weight: 400;\">Her trainings:<\/span><\/p>\n<ul>\n<li style=\"font-weight: 400;\"><b>\u00ab FECC \u00bb Education and canine behaviour Training<\/b><span style=\"font-weight: 400;\"> \u2013 by Jean Lessard<\/span><\/li>\n<li style=\"font-weight: 400;\"><b>\u00ab Empowering Learners \u00bb \u2013\u00a0<\/b><span style=\"font-weight: 400;\">by Chirag Patel<\/span><\/li>\n<li style=\"font-weight: 400;\"><b>\u00ab\u00a0Academy 1 for Hens\u00a0\u00bb <\/b><span style=\"font-weight: 400;\">&#8211;<\/span><span style=\"font-weight: 400;\"> by Yanick Dion &amp; Jean Lessard<\/span><\/li>\n<\/ul>\n<p style=\"margin-bottom: 15px; text-align: left;\"><b>TTouch Training (in progress)<\/b><span style=\"font-weight: 400;\"> \u2013 by Lucie Leclerc<\/span><\/p>\n<p>[\/vc_column_text][vc_empty_space height=&#8221;40px&#8221;][\/vc_column][vc_column width=&#8221;1\/2&#8243;]\n<div class=\"qodef-team main-info-below-image\">\n\t<div class=\"qodef-team-inner\">\n\t\t\t\t\t<div class=\"qodef-team-image\">\n\t\t\t\t<img loading=\"lazy\" decoding=\"async\" width=\"535\" height=\"350\" src=\"https:\/\/unhommeetdeschiens.com\/wp-content\/uploads\/2019\/01\/genevieve-1.jpg\" class=\"attachment-full size-full\" alt=\"\" \/>\t\t\t\t<span class=\"qodef-team-overlay\"><\/span>\n\t\t\t<\/div>\n\t\t\n\t\t\t\t\t<div class=\"qodef-team-info\">\n\t\t\t\t\t\t\t\t\t<div class=\"qodef-team-title-holder normal_social\">\n\t\t\t\t\t\t\t\t\t\t\t\t\t<h5 class=\"qodef-team-name\">\n\t\t\t\t\t\t\t\tGENEVI\u00c8VE\t\t\t\t\t\t\t<\/h5>\n\t\t\t\t\t\t\t\t\t\t\t\t\t\t\t\t\t<\/div>\n\t\t\t\t\n\t\t<div class=\"qodef-team-social-holder-between\">\n\t\t\t<div class=\"qodef-team-social normal_social\">\n\t\t\t\t<div class=\"qodef-team-social-inner\">\n\t\t\t\t\t<div class=\"qodef-team-social-wrapp\">\n\n\t\t\t\t\t\t\n\t\t\t\t\t<\/div>\n\t\t\t\t<\/div>\n\t\t\t<\/div>\n\t\t<\/div>\n\n\t\t<\/div>\n\t<\/div>\n<\/div>[vc_column_text css=&#8221;.vc_custom_1553787600714{padding-right: 20px !important;padding-bottom: 40px !important;padding-left: 20px !important;background-color: #f7f7f7 !important;}&#8221; el_class=&#8221;txt-block-equipe-1&#8243;]<span style=\"font-weight: 400;\">Genevieve is an excellent observer, which is the best of qualities to be a good trainer. Genevi\u00e8ve has been working with us as a part-time assistant since the spring of 2017. As her previous work was no longer satisfactory, she decided to invest in her passion for animals, attending dog \u200b\u200btrainings. Methodical, critical and loving people, she will guide you and help you develop a more pleasant relationship with your best furry friend.<\/span><\/p>\n<p><span style=\"font-weight: 400;\">She has done several trainings in this industry and continues her education.<\/span><\/p>\n<p><b>Her trainings\u00a0:<\/b><\/p>\n<ul>\n<li style=\"font-weight: 400;\"><b>\u00ab FECC \u00bb Education and canine behaviour Training<\/b><span style=\"font-weight: 400;\"> \u2013 by Jean Lessard<\/span><\/li>\n<li style=\"font-weight: 400;\"><b>\u00ab\u00a0Force Free\u00a0\u00bb Animal Training \u2013<\/b><span style=\"font-weight: 400;\"> by l\u2019Art au Poil school<\/span><\/li>\n<\/ul>\n<p style=\"margin-bottom: 15px; text-align: left;\"><b>\u00ab\u00a0Academy 1 for Hens\u00a0\u00bb <\/b><span style=\"font-weight: 400;\">&#8211;<\/span><span style=\"font-weight: 400;\"> by Yanick Dion &amp; Jean Lessard<\/span><\/p>\n<p>[\/vc_column_text][vc_empty_space height=&#8221;40px&#8221;][\/vc_column][\/vc_row][vc_row][vc_column][vc_empty_space height=&#8221;50px&#8221;][\/vc_column][\/vc_row][vc_row content_width=&#8221;grid&#8221; content_aligment=&#8221;center&#8221; css=&#8221;.vc_custom_1548211697540{background-color: #f7f7f7 !important;}&#8221;][vc_column][vc_empty_space height=&#8221;80px&#8221;][vc_column_text]<\/p>\n<h3 style=\"text-align: center;\"><b>One Man Many Dogs<\/b><span style=\"font-weight: 400;\"> is certified by covered citites to offer dog owners the mandatory basic obedience course, required by some cities, for breeds deemed potentially dangerous like Pit Bull, Bull Terrier, Staffordshire and their crossbreeds.<\/span><\/h3>\n<p>[\/vc_column_text][vc_empty_space height=&#8221;80px&#8221;][\/vc_column][\/vc_row][vc_row css=&#8221;.vc_custom_1542251414437{background-image: url(https:\/\/unhommeetdeschiens.com\/wp-content\/uploads\/2018\/11\/call-to-action-3-1.jpg?id=3103) !important;background-position: center !important;background-repeat: no-repeat !important;background-size: cover !important;}&#8221;][vc_column]\n\n\t<div class=\"qodef-call-to-action normal\" >\n\n\t\t\t\t<div class=\"qodef-container-inner\">\n\t\t\t\t\t<div class=\"qodef-call-to-action-row-75-25 clearfix\" style=\"padding: 150px 0px;\">\n\t\t\n\t\t\t\t<div class=\"qodef-text-wrapper qodef-call-to-action-column1 qodef-call-to-action-cell\">\n\n\t\t\t\t\n\t\t\t\t\t<div class=\"qodef-call-to-action-text\" >\n\t\t\t\t\t\t<\/p>\n<h2><strong>To learn more about our services or how we can help you with your best furry friend, contact us now!<\/strong><\/h2>\n<p>&nbsp;<\/p>\n<p>Our services are offered in the Eastern Townships (Granby, Cowansville, Magog, Shefford, Bromont, Waterloo, Sutton, Lac-Brome, Farnham, Eastman, Ange-Gardien and surroundings) and in Outaouais (Gatineau &amp; Ottawa).\t\t\t\t\t<\/div>\n\n\t\t\t\t<\/div>\n\n\t\t\t\t\n\t\t\t\t\t<div class=\"qodef-button-wrapper qodef-call-to-action-column2 qodef-call-to-action-cell\" style =\"text-align: right ;\">\n\n\t\t\t\t\t\t<a href=\"https:\/\/unhommeetdeschiens.com\/en\/contact-us\/\" target=\"_self\"  class=\"qodef-btn qodef-btn-medium qodef-btn-solid\"  >    <span class=\"qodef-btn-text\">Contact us<\/span>    <\/a>\n\t\t\t\t\t<\/div>\n\n\t\t\t\t\n\t\t\t<\/div>\n\n\t\t\t\t<\/div>\n\t\t\n\t<\/div>\n\n[\/vc_column][\/vc_row]<\/p>\n<\/div>","protected":false},"excerpt":{"rendered":"<p>[vc_row content_width=&#8221;grid&#8221; css=&#8221;.vc_custom_1542260753321{padding-top: 100px !important;padding-bottom: 60px !important;background-color: #f7f7f7 !important;}&#8221;][vc_column offset=&#8221;vc_col-md-5&#8243;][vc_gallery type=&#8221;flexslider_slide&#8221; interval=&#8221;3&#8243; images=&#8221;3348,3355,3353&#8243; img_size=&#8221;full&#8221;][vc_empty_space height=&#8221;31px&#8221;][vc_gallery type=&#8221;flexslider_slide&#8221; interval=&#8221;3&#8243; images=&#8221;3358,3360,4178&#8243; img_size=&#8221;full&#8221;][\/vc_column][vc_column offset=&#8221;vc_col-md-7&#8243; css=&#8221;.vc_custom_1542250027555{padding-left: 20px !important;}&#8221;][vc_column_text] One Man Many Dogs [\/vc_column_text][vc_empty_space height=&#8221;4px&#8221;][vc_column_text] Daniel Sterl, Expert Dog Trainer [\/vc_column_text][vc_empty_space height=&#8221;13px&#8221;][vc_column_text]Daniel Sterl is the owner and founder of the company&#8230;<\/p>\n","protected":false},"author":7,"featured_media":0,"parent":0,"menu_order":0,"comment_status":"closed","ping_status":"closed","template":"full-width.php","meta":{"footnotes":""},"simple-restrict-permission":[],"class_list":["post-4567","page","type-page","status-publish","hentry"],"_links":{"self":[{"href":"https:\/\/unhommeetdeschiens.com\/en\/wp-json\/wp\/v2\/pages\/4567","targetHints":{"allow":["GET"]}}],"collection":[{"href":"https:\/\/unhommeetdeschiens.com\/en\/wp-json\/wp\/v2\/pages"}],"about":[{"href":"https:\/\/unhommeetdeschiens.com\/en\/wp-json\/wp\/v2\/types\/page"}],"author":[{"embeddable":true,"href":"https:\/\/unhommeetdeschiens.com\/en\/wp-json\/wp\/v2\/users\/7"}],"replies":[{"embeddable":true,"href":"https:\/\/unhommeetdeschiens.com\/en\/wp-json\/wp\/v2\/comments?post=4567"}],"version-history":[{"count":0,"href":"https:\/\/unhommeetdeschiens.com\/en\/wp-json\/wp\/v2\/pages\/4567\/revisions"}],"wp:attachment":[{"href":"https:\/\/unhommeetdeschiens.com\/en\/wp-json\/wp\/v2\/media?parent=4567"}],"wp:term":[{"taxonomy":"simple-restrict-permission","embeddable":true,"href":"https:\/\/unhommeetdeschiens.com\/en\/wp-json\/wp\/v2\/simple-restrict-permission?post=4567"}],"curies":[{"name":"wp","href":"https:\/\/api.w.org\/{rel}","templated":true}]}}